{"id":16,"date":"2024-06-24T23:49:39","date_gmt":"2024-06-24T20:49:39","guid":{"rendered":"https:\/\/activity.zercode.com\/?page_id=16"},"modified":"2024-06-24T23:49:39","modified_gmt":"2024-06-24T20:49:39","slug":"her-zamanbir-adim-sonrasi","status":"publish","type":"page","link":"https:\/\/activity.zercode.com\/?page_id=16","title":{"rendered":"Her zamanbir ad\u0131m sonras\u0131&#8230;"},"content":{"rendered":"\n<p><h3 style=\"box-sizing: border-box; font-family: &quot;PT Sans Caption&quot;; line-height: 1.1; color: rgb(255, 255, 255); margin-right: auto; margin-bottom: 0px; margin-left: auto; font-size: 40px; padding-bottom: 10px; width: 753.292px; font-style: normal; text-align: center; white-space-collapse: collapse; background-color: rgb(222, 222, 222);\">Size getirece\u011fimiz \u00e7\u00f6z\u00fcmlerle e\u011fitim kalitenizi art\u0131racak ve hep bir ad\u0131m \u00f6tesini kurgulayacaks\u0131n\u0131z.<\/h3><div class=\"height10\" style=\"box-sizing: border-box; height: 10px; color: rgb(51, 51, 51); font-family: &quot;PT Sans Caption&quot;; font-size: 14px; text-align: center; white-space-collapse: collapse; background-color: rgb(222, 222, 222);\"><\/div><p style=\"box-sizing: border-box; margin-right: auto; margin-bottom: 0px; margin-left: auto; width: 753.292px; font-size: 18px; color: rgb(51, 51, 51); font-family: &quot;PT Sans Caption&quot;; text-align: center; white-space-collapse: collapse; background-color: rgb(222, 222, 222);\">Bug\u00fcn her alanda oldu\u011fu gibi e\u011fitim d\u00fcnyas\u0131n\u0131n da temel gereksinimleri teknolojik tabanl\u0131 hale geldi. E\u011fitimciler kendi bran\u015flar\u0131n\u0131n d\u0131\u015f\u0131nda ilgili teknolojik materyalleri de yak\u0131ndan takip etmek ve iyi derecede kullanabilmek zorunda. Biz de Zerkod olarak bu alandaki birikimimizi ilk\u00f6\u011fretimden \u00fcniversite haz\u0131rl\u0131k yelpazesi aral\u0131\u011f\u0131nda, e\u011fitimcilerimiz ile payla\u015fman\u0131n \u00f6tesinde hep bir ad\u0131m sonras\u0131n\u0131 sunaca\u011f\u0131z.<\/p><\/p>\n\n\n\n<figure class=\"wp-block-image size-large is-resized\"><img decoding=\"async\" src=\"https:\/\/zercode.com\/Images\/img\/biradimsonra.png\" alt=\"\" style=\"width:742px;height:auto\"\/><\/figure>\n","protected":false},"excerpt":{"rendered":"<p>Size getirece\u011fimiz \u00e7\u00f6z\u00fcmlerle e\u011fitim kalitenizi art\u0131racak ve hep bir ad\u0131m \u00f6tesini kurgulayacaks\u0131n\u0131z. Bug\u00fcn her alanda oldu\u011fu gibi e\u011fitim d\u00fcnyas\u0131n\u0131n da temel gereksinimleri teknolojik tabanl\u0131 hale geldi. E\u011fitimciler kendi bran\u015flar\u0131n\u0131n d\u0131\u015f\u0131nda ilgili teknolojik materyalleri de yak\u0131ndan takip etmek ve iyi derecede kullanabilmek zorunda. Biz de Zerkod olarak bu alandaki birikimimizi ilk\u00f6\u011fretimden \u00fcniversite haz\u0131rl\u0131k yelpazesi aral\u0131\u011f\u0131nda, e\u011fitimcilerimiz &#8230; <a title=\"Her zamanbir ad\u0131m sonras\u0131&#8230;\" class=\"read-more\" href=\"https:\/\/activity.zercode.com\/?page_id=16\" aria-label=\"Read more about Her zamanbir ad\u0131m sonras\u0131&#8230;\">Devam\u0131n\u0131 oku<\/a><\/p>\n","protected":false},"author":1,"featured_media":0,"parent":0,"menu_order":0,"comment_status":"closed","ping_status":"closed","template":"","meta":{"footnotes":""},"class_list":["post-16","page","type-page","status-publish"],"_links":{"self":[{"href":"https:\/\/activity.zercode.com\/index.php?rest_route=\/wp\/v2\/pages\/16","targetHints":{"allow":["GET"]}}],"collection":[{"href":"https:\/\/activity.zercode.com\/index.php?rest_route=\/wp\/v2\/pages"}],"about":[{"href":"https:\/\/activity.zercode.com\/index.php?rest_route=\/wp\/v2\/types\/page"}],"author":[{"embeddable":true,"href":"https:\/\/activity.zercode.com\/index.php?rest_route=\/wp\/v2\/users\/1"}],"replies":[{"embeddable":true,"href":"https:\/\/activity.zercode.com\/index.php?rest_route=%2Fwp%2Fv2%2Fcomments&post=16"}],"version-history":[{"count":1,"href":"https:\/\/activity.zercode.com\/index.php?rest_route=\/wp\/v2\/pages\/16\/revisions"}],"predecessor-version":[{"id":17,"href":"https:\/\/activity.zercode.com\/index.php?rest_route=\/wp\/v2\/pages\/16\/revisions\/17"}],"wp:attachment":[{"href":"https:\/\/activity.zercode.com\/index.php?rest_route=%2Fwp%2Fv2%2Fmedia&parent=16"}],"curies":[{"name":"wp","href":"https:\/\/api.w.org\/{rel}","templated":true}]}}